{"id":428,"date":"2023-06-15T18:08:17","date_gmt":"2023-06-15T16:08:17","guid":{"rendered":"http:\/\/piw.gniezno.pl\/?page_id=428"},"modified":"2023-06-17T10:39:28","modified_gmt":"2023-06-17T08:39:28","slug":"organizacja-urzedu","status":"publish","type":"page","link":"https:\/\/piw.gniezno.pl\/?page_id=428","title":{"rendered":"Organizacja urz\u0119du"},"content":{"rendered":"\n<h2 class=\"wp-block-heading has-medium-font-size\"> Powiatowy Lekarz Weterynarii  &#8211; lekarz wet. Dariusz Nowaczyk<\/h2>\n\n\n\n<p><strong> W sk\u0142ad Powiatowego Inspektoratu Weterynarii wchodz\u0105:<\/strong><\/p>\n\n\n\n<ul class=\"wp-block-list\">\n<li><strong><a href=\"https:\/\/piw.gniezno.pl\/?page_id=87\">Zesp\u00f3\u0142 do spraw zdrowia i ochrony zwierz\u0105t<\/a><\/strong><\/li>\n\n\n\n<li><strong><a href=\"https:\/\/piw.gniezno.pl\/?page_id=276\" data-type=\"URL\" data-id=\"https:\/\/piw.gniezno.pl\/?page_id=277\">Zesp\u00f3\u0142 do spraw bezpiecze\u0144stwa \u017cywno\u015bci, pasz i utylizacji<\/a><\/strong><\/li>\n\n\n\n<li><strong><a href=\"https:\/\/piw.gniezno.pl\/?page_id=277\">Zesp\u00f3\u0142 do spraw administracyjno &#8211; finansowych<\/a><\/strong><\/li>\n<\/ul>\n\n\n\n<p class=\"has-medium-font-size\"> <strong>Zakres dzia\u0142ania:<\/strong><br> Do zakresu dzia\u0142ania Powiatowego Inspektoratu Weterynarii nale\u017cy zapobieganie chorobom zaka\u017anym zwierz\u0105t i ich zwalczanie oraz nadz\u00f3r nad jako\u015bci\u0105 zdrowotn\u0105 produkt\u00f3w   <br> pochodzenia zwierz\u0119cego, a w szczeg\u00f3lno\u015bci:<\/p>\n\n\n\n<ul class=\"wp-block-list\">\n<li style=\"font-size:16px\">badanie zwierz\u0105t rze\u017anych i ich mi\u0119sa, mi\u0119sa zwierz\u0105t \u0142ownych oraz innych zwierz\u0105t, przeznaczonego do spo\u017cycia przez ludzi<\/li>\n\n\n\n<li style=\"font-size:16px\">sprawowanie weterynaryjnej kontroli granicznej<\/li>\n\n\n\n<li style=\"font-size:16px\">sprawowanie nadzoru nad przestrzeganiem warunk\u00f3w weterynaryjnych<\/li>\n\n\n\n<li style=\"font-size:16px\">sprawowanie nadzoru nad jako\u015bci\u0105 zdrowotn\u0105 \u015brodowisk spo\u017cywczych pochodzenia zwierz\u0119cego, w tym nad warunkami sanitarnymi ich pozyskiwania, przetwarzania, sk\u0142adowania, transportu oraz sprzeda\u017cy bezpo\u015bredniej<\/li>\n\n\n\n<li style=\"font-size:16px\">sprawowanie nadzoru nad obrotem zwierz\u0119tami i produktami pochodzenia zwierz\u0119cego<\/li>\n\n\n\n<li style=\"font-size:16px\">sprawowanie nadzoru nad jako\u015bci\u0105 zdrowotn\u0105 \u015brodk\u00f3w \u017cywienia zwierz\u0105t<\/li>\n\n\n\n<li style=\"font-size:16px\">kontrola wyst\u0119powania pozosta\u0142o\u015bci chemicznych i biologicznych lek\u00f3w oraz ska\u017ce\u0144 promieniotw\u00f3rczych w tkankach zwierz\u0105t, \u015brodkach spo\u017cywczych pochodzenia zwierz\u0119cego oraz \u015brodkach \u017cywienia zwierz\u0105t<\/li>\n\n\n\n<li style=\"font-size:16px\">sprawowanie nadzoru nad zdrowiem zwierz\u0105t przeznaczonych do rozrodu oraz nad jako\u015bci\u0105 zdrowotn\u0105 materia\u0142u biologicznego<\/li>\n\n\n\n<li style=\"font-size:16px\">sprawowanie kontroli nad przestrzeganiem zasad identyfikacji i rejestracji zwierz\u0105t oraz kontroli ich przemieszczania<\/li>\n<\/ul>\n\n\n\n<p class=\"has-medium-font-size\"> <strong>Wsp\u00f3\u0142praca:<\/strong><br> Inspekcja Weterynaryjna przy wykonywaniu swoich zada\u0144 wsp\u00f3\u0142pracuje z Inspekcj\u0105 Sanitarn\u0105 i samorz\u0105dem terytorialnym.<\/p>\n","protected":false},"excerpt":{"rendered":"<p>Powiatowy Lekarz Weterynarii &#8211; lekarz wet. Dariusz Nowaczyk W sk\u0142ad Powiatowego Inspektoratu Weterynarii wchodz\u0105: Zakres dzia\u0142ania: Do zakresu dzia\u0142ania Powiatowego Inspektoratu Weterynarii nale\u017cy zapobieganie chorobom zaka\u017anym zwierz\u0105t i ich zwalczanie oraz nadz\u00f3r nad jako\u015bci\u0105 zdrowotn\u0105 produkt\u00f3w pochodzenia zwierz\u0119cego, a w szczeg\u00f3lno\u015bci: Wsp\u00f3\u0142praca: Inspekcja Weterynaryjna przy wykonywaniu swoich zada\u0144 wsp\u00f3\u0142pracuje z Inspekcj\u0105 Sanitarn\u0105 i samorz\u0105dem terytorialnym.<\/p>\n","protected":false},"author":1,"featured_media":0,"parent":0,"menu_order":0,"comment_status":"closed","ping_status":"closed","template":"","meta":{"_uag_custom_page_level_css":"","site-sidebar-layout":"default","site-content-layout":"","ast-site-content-layout":"default","site-content-style":"default","site-sidebar-style":"default","ast-global-header-display":"","ast-banner-title-visibility":"","ast-main-header-display":"","ast-hfb-above-header-display":"","ast-hfb-below-header-display":"","ast-hfb-mobile-header-display":"","site-post-title":"","ast-breadcrumbs-content":"","ast-featured-img":"","footer-sml-layout":"","ast-disable-related-posts":"","theme-transparent-header-meta":"","adv-header-id-meta":"","stick-header-meta":"","header-above-stick-meta":"","header-main-stick-meta":"","header-below-stick-meta":"","astra-migrate-meta-layouts":"default","ast-page-background-enabled":"default","ast-page-background-meta":{"desktop":{"background-color":"var(--ast-global-color-4)","background-image":"","background-repeat":"repeat","background-position":"center center","background-size":"auto","background-attachment":"scroll","background-type":"","background-media":"","overlay-type":"","overlay-color":"","overlay-opacity":"","overlay-gradient":""},"tablet":{"background-color":"","background-image":"","background-repeat":"repeat","background-position":"center center","background-size":"auto","background-attachment":"scroll","background-type":"","background-media":"","overlay-type":"","overlay-color":"","overlay-opacity":"","overlay-gradient":""},"mobile":{"background-color":"","background-image":"","background-repeat":"repeat","background-position":"center center","background-size":"auto","background-attachment":"scroll","background-type":"","background-media":"","overlay-type":"","overlay-color":"","overlay-opacity":"","overlay-gradient":""}},"ast-content-background-meta":{"desktop":{"background-color":"var(--ast-global-color-5)","background-image":"","background-repeat":"repeat","background-position":"center center","background-size":"auto","background-attachment":"scroll","background-type":"","background-media":"","overlay-type":"","overlay-color":"","overlay-opacity":"","overlay-gradient":""},"tablet":{"background-color":"var(--ast-global-color-5)","background-image":"","background-repeat":"repeat","background-position":"center center","background-size":"auto","background-attachment":"scroll","background-type":"","background-media":"","overlay-type":"","overlay-color":"","overlay-opacity":"","overlay-gradient":""},"mobile":{"background-color":"var(--ast-global-color-5)","background-image":"","background-repeat":"repeat","background-position":"center center","background-size":"auto","background-attachment":"scroll","background-type":"","background-media":"","overlay-type":"","overlay-color":"","overlay-opacity":"","overlay-gradient":""}},"footnotes":""},"class_list":["post-428","page","type-page","status-publish","hentry"],"uagb_featured_image_src":{"full":false,"thumbnail":false,"medium":false,"medium_large":false,"large":false,"1536x1536":false,"2048x2048":false},"uagb_author_info":{"display_name":"Darek","author_link":"https:\/\/piw.gniezno.pl\/?author=1"},"uagb_comment_info":0,"uagb_excerpt":"Powiatowy Lekarz Weterynarii &#8211; lekarz wet. Dariusz Nowaczyk W sk\u0142ad Powiatowego Inspektoratu Weterynarii wchodz\u0105: Zakres dzia\u0142ania: Do zakresu dzia\u0142ania Powiatowego Inspektoratu Weterynarii nale\u017cy zapobieganie chorobom zaka\u017anym zwierz\u0105t i ich zwalczanie oraz nadz\u00f3r nad jako\u015bci\u0105 zdrowotn\u0105 produkt\u00f3w pochodzenia zwierz\u0119cego, a w szczeg\u00f3lno\u015bci: Wsp\u00f3\u0142praca: Inspekcja Weterynaryjna przy wykonywaniu swoich zada\u0144 wsp\u00f3\u0142pracuje z Inspekcj\u0105 Sanitarn\u0105 i samorz\u0105dem terytorialnym.","_links":{"self":[{"href":"https:\/\/piw.gniezno.pl\/index.php?rest_route=\/wp\/v2\/pages\/428","targetHints":{"allow":["GET"]}}],"collection":[{"href":"https:\/\/piw.gniezno.pl\/index.php?rest_route=\/wp\/v2\/pages"}],"about":[{"href":"https:\/\/piw.gniezno.pl\/index.php?rest_route=\/wp\/v2\/types\/page"}],"author":[{"embeddable":true,"href":"https:\/\/piw.gniezno.pl\/index.php?rest_route=\/wp\/v2\/users\/1"}],"replies":[{"embeddable":true,"href":"https:\/\/piw.gniezno.pl\/index.php?rest_route=%2Fwp%2Fv2%2Fcomments&post=428"}],"version-history":[{"count":9,"href":"https:\/\/piw.gniezno.pl\/index.php?rest_route=\/wp\/v2\/pages\/428\/revisions"}],"predecessor-version":[{"id":487,"href":"https:\/\/piw.gniezno.pl\/index.php?rest_route=\/wp\/v2\/pages\/428\/revisions\/487"}],"wp:attachment":[{"href":"https:\/\/piw.gniezno.pl\/index.php?rest_route=%2Fwp%2Fv2%2Fmedia&parent=428"}],"curies":[{"name":"wp","href":"https:\/\/api.w.org\/{rel}","templated":true}]}}