{"id":456,"date":"2023-06-16T09:23:11","date_gmt":"2023-06-16T07:23:11","guid":{"rendered":"http:\/\/piw.gniezno.pl\/?page_id=456"},"modified":"2023-06-16T09:24:45","modified_gmt":"2023-06-16T07:24:45","slug":"oplaty-skarbowe","status":"publish","type":"page","link":"https:\/\/piw.gniezno.pl\/?page_id=456","title":{"rendered":"Op\u0142aty skarbowe"},"content":{"rendered":"\n<p><strong>Op\u0142at\u0119 skarbow\u0105 nale\u017cy uiszcza\u0107 na rachunek bankowy Urz\u0119du Gminy Gniezno<\/strong><\/p>\n\n\n\n<p>Al. Reymonta 9-11, 62-200 Gniezno<\/p>\n\n\n\n<p>PKO BP O\/Gniezno<\/p>\n\n\n\n<p>ul. Chrobrego 12B&nbsp; , 62-200 Gniezno<\/p>\n\n\n\n<p>Numer rachunku:    <strong>26 1020 4115 0000 9002 0004 0832<\/strong><\/p>\n\n\n\n<p><strong>UWAGA<\/strong>:<\/p>\n\n\n\n<p><strong>WNOSZ\u0104C OP\u0141AT\u0118, NALE\u017bY OKRE\u015aLI\u0106 CZEGO ONA DOTYCZY, CZYLI WPISA\u0106 TYTU\u0141 W PRZELEWIE BANKOWYM (JAK NI\u017bEJ):<\/strong><\/p>\n\n\n\n<ol class=\"wp-block-list\">\n<li>Za wydanie decyzji administracyjnej : 10,00 z\u0142<\/li>\n\n\n\n<li>Za wydanie za\u015bwiadczenia : 17,00 z\u0142<\/li>\n\n\n\n<li>Za wydanie zezwolenia na transport zwierz\u0105t poni\u017cej\/ powy\u017cej 8 godz. 616,00 z\u0142<\/li>\n<\/ol>\n\n\n\n<p><strong>UWAGA<\/strong>:<\/p>\n\n\n\n<p><strong>PO WNIESIENIU OP\u0141ATY, ABY MOGLI PA\u0143STWO ZA\u0141ATWI\u0106 SPRAW\u0118, NALE\u017bY ZE SOB\u0104 ZABRA\u0106 WYDRUK DOWODU WNIESIONEJ WP\u0141ATY!!!<\/strong><\/p>\n","protected":false},"excerpt":{"rendered":"<p>Op\u0142at\u0119 skarbow\u0105 nale\u017cy uiszcza\u0107 na rachunek bankowy Urz\u0119du Gminy Gniezno Al. Reymonta 9-11, 62-200 Gniezno PKO BP O\/Gniezno ul. Chrobrego 12B&nbsp; , 62-200 Gniezno Numer rachunku: 26 1020 4115 0000 9002 0004 0832 UWAGA: WNOSZ\u0104C OP\u0141AT\u0118, NALE\u017bY OKRE\u015aLI\u0106 CZEGO ONA DOTYCZY, CZYLI WPISA\u0106 TYTU\u0141 W PRZELEWIE BANKOWYM (JAK NI\u017bEJ): UWAGA: PO WNIESIENIU OP\u0141ATY, ABY MOGLI [&hellip;]<\/p>\n","protected":false},"author":1,"featured_media":0,"parent":0,"menu_order":0,"comment_status":"closed","ping_status":"closed","template":"","meta":{"_uag_custom_page_level_css":"","site-sidebar-layout":"default","site-content-layout":"","ast-site-content-layout":"default","site-content-style":"default","site-sidebar-style":"default","ast-global-header-display":"","ast-banner-title-visibility":"","ast-main-header-display":"","ast-hfb-above-header-display":"","ast-hfb-below-header-display":"","ast-hfb-mobile-header-display":"","site-post-title":"","ast-breadcrumbs-content":"","ast-featured-img":"","footer-sml-layout":"","ast-disable-related-posts":"","theme-transparent-header-meta":"","adv-header-id-meta":"","stick-header-meta":"","header-above-stick-meta":"","header-main-stick-meta":"","header-below-stick-meta":"","astra-migrate-meta-layouts":"default","ast-page-background-enabled":"default","ast-page-background-meta":{"desktop":{"background-color":"var(--ast-global-color-4)","background-image":"","background-repeat":"repeat","background-position":"center center","background-size":"auto","background-attachment":"scroll","background-type":"","background-media":"","overlay-type":"","overlay-color":"","overlay-opacity":"","overlay-gradient":""},"tablet":{"background-color":"","background-image":"","background-repeat":"repeat","background-position":"center center","background-size":"auto","background-attachment":"scroll","background-type":"","background-media":"","overlay-type":"","overlay-color":"","overlay-opacity":"","overlay-gradient":""},"mobile":{"background-color":"","background-image":"","background-repeat":"repeat","background-position":"center center","background-size":"auto","background-attachment":"scroll","background-type":"","background-media":"","overlay-type":"","overlay-color":"","overlay-opacity":"","overlay-gradient":""}},"ast-content-background-meta":{"desktop":{"background-color":"var(--ast-global-color-5)","background-image":"","background-repeat":"repeat","background-position":"center center","background-size":"auto","background-attachment":"scroll","background-type":"","background-media":"","overlay-type":"","overlay-color":"","overlay-opacity":"","overlay-gradient":""},"tablet":{"background-color":"var(--ast-global-color-5)","background-image":"","background-repeat":"repeat","background-position":"center center","background-size":"auto","background-attachment":"scroll","background-type":"","background-media":"","overlay-type":"","overlay-color":"","overlay-opacity":"","overlay-gradient":""},"mobile":{"background-color":"var(--ast-global-color-5)","background-image":"","background-repeat":"repeat","background-position":"center center","background-size":"auto","background-attachment":"scroll","background-type":"","background-media":"","overlay-type":"","overlay-color":"","overlay-opacity":"","overlay-gradient":""}},"footnotes":""},"class_list":["post-456","page","type-page","status-publish","hentry"],"uagb_featured_image_src":{"full":false,"thumbnail":false,"medium":false,"medium_large":false,"large":false,"1536x1536":false,"2048x2048":false},"uagb_author_info":{"display_name":"Darek","author_link":"https:\/\/piw.gniezno.pl\/?author=1"},"uagb_comment_info":0,"uagb_excerpt":"Op\u0142at\u0119 skarbow\u0105 nale\u017cy uiszcza\u0107 na rachunek bankowy Urz\u0119du Gminy Gniezno Al. Reymonta 9-11, 62-200 Gniezno PKO BP O\/Gniezno ul. Chrobrego 12B&nbsp; , 62-200 Gniezno Numer rachunku: 26 1020 4115 0000 9002 0004 0832 UWAGA: WNOSZ\u0104C OP\u0141AT\u0118, NALE\u017bY OKRE\u015aLI\u0106 CZEGO ONA DOTYCZY, CZYLI WPISA\u0106 TYTU\u0141 W PRZELEWIE BANKOWYM (JAK NI\u017bEJ): UWAGA: PO WNIESIENIU OP\u0141ATY, ABY MOGLI&hellip;","_links":{"self":[{"href":"https:\/\/piw.gniezno.pl\/index.php?rest_route=\/wp\/v2\/pages\/456","targetHints":{"allow":["GET"]}}],"collection":[{"href":"https:\/\/piw.gniezno.pl\/index.php?rest_route=\/wp\/v2\/pages"}],"about":[{"href":"https:\/\/piw.gniezno.pl\/index.php?rest_route=\/wp\/v2\/types\/page"}],"author":[{"embeddable":true,"href":"https:\/\/piw.gniezno.pl\/index.php?rest_route=\/wp\/v2\/users\/1"}],"replies":[{"embeddable":true,"href":"https:\/\/piw.gniezno.pl\/index.php?rest_route=%2Fwp%2Fv2%2Fcomments&post=456"}],"version-history":[{"count":3,"href":"https:\/\/piw.gniezno.pl\/index.php?rest_route=\/wp\/v2\/pages\/456\/revisions"}],"predecessor-version":[{"id":460,"href":"https:\/\/piw.gniezno.pl\/index.php?rest_route=\/wp\/v2\/pages\/456\/revisions\/460"}],"wp:attachment":[{"href":"https:\/\/piw.gniezno.pl\/index.php?rest_route=%2Fwp%2Fv2%2Fmedia&parent=456"}],"curies":[{"name":"wp","href":"https:\/\/api.w.org\/{rel}","templated":true}]}}