{"id":494,"date":"2023-06-19T15:16:48","date_gmt":"2023-06-19T13:16:48","guid":{"rendered":"http:\/\/piw.gniezno.pl\/?page_id=494"},"modified":"2025-04-08T10:44:30","modified_gmt":"2025-04-08T08:44:30","slug":"sprawozdawczosc-finansowa","status":"publish","type":"page","link":"https:\/\/piw.gniezno.pl\/?page_id=494","title":{"rendered":"Sprawozdawczo\u015b\u0107 finansowa"},"content":{"rendered":"\t\t<div data-elementor-type=\"wp-page\" data-elementor-id=\"494\" class=\"elementor elementor-494\">\n\t\t\t\t<div class=\"elementor-element elementor-element-7ffdc4e e-flex e-con-boxed e-con e-parent\" data-id=\"7ffdc4e\" data-element_type=\"container\">\n\t\t\t\t\t<div class=\"e-con-inner\">\n\t\t\t\t<div class=\"elementor-element elementor-element-41b2ed7 elementor-widget elementor-widget-text-editor\" data-id=\"41b2ed7\" data-element_type=\"widget\" data-widget_type=\"text-editor.default\">\n\t\t\t\t<div class=\"elementor-widget-container\">\n\t\t\t\t\t\t\t\t\t\n<p class=\"has-medium-font-size\"><strong>Zapraszamy zainteresowanych do zapoznania si\u0119 z dokumentem, kt\u00f3ry mog\u0105 Pa\u0144stwo pobra\u0107, klikaj\u0105c poni\u017cej w odno\u015bnik.<\/strong><\/p>\n\n<h5><strong>Sprawozdawczo\u015b\u0107 finansowa za 2024 r.<\/strong><\/h5>\n<p class=\"has-medium-font-size\"><strong><a href=\"https:\/\/piw.gniezno.pl\/wp-content\/uploads\/2025\/04\/bilans-2024.pdf\" target=\"_blank\" rel=\"noreferrer noopener\">Bilans jednostki.pdf<\/a><\/strong><\/p>\n<p><\/p>\n<p class=\"has-medium-font-size\"><strong><a href=\"https:\/\/piw.gniezno.pl\/wp-content\/uploads\/2025\/04\/rachunek-zyskow-i-strat-2024.pdf\" target=\"_blank\" rel=\"noreferrer noopener\">Rachunek zysk\u00f3w i strat.pdf<\/a><\/strong><\/p>\n<p><\/p>\n<p class=\"has-medium-font-size\"><strong><a href=\"https:\/\/piw.gniezno.pl\/wp-content\/uploads\/2025\/04\/zestawienie-zmian-w-funduszu-2024.pdf\" target=\"_blank\" rel=\"noreferrer noopener\">Zestawienie zmian w funduszu jednostki.pdf<\/a><\/strong><\/p>\n<p><\/p>\n<p class=\"has-medium-font-size\"><strong><a href=\"https:\/\/piw.gniezno.pl\/wp-content\/uploads\/2025\/04\/informacja-dodatkowa-2024.pdf\" target=\"_blank\" rel=\"noreferrer noopener\">Informacja dodatkowa.pdf<\/a><\/strong><\/p>\n<hr \/><hr \/><hr \/>\n<h5><strong>Sprawozdawczo\u015b\u0107 finansowa za 2023 r.<\/strong><\/h5>\n\n<p class=\"has-medium-font-size\"><strong><a href=\"https:\/\/piw.gniezno.pl\/wp-content\/uploads\/2024\/04\/Bilans2023.pdf\" target=\"_blank\" rel=\"noreferrer noopener\">Bilans jednostki.pdf<\/a><\/strong><\/p>\n\n<p class=\"has-medium-font-size\"><strong><a href=\"https:\/\/piw.gniezno.pl\/wp-content\/uploads\/2024\/04\/Rachunek2023.pdf\" target=\"_blank\" rel=\"noreferrer noopener\">Rachunek zysk\u00f3w i strat.pdf<\/a><\/strong><\/p>\n\n<p class=\"has-medium-font-size\"><strong><a href=\"https:\/\/piw.gniezno.pl\/wp-content\/uploads\/2024\/04\/Zestawienie2023.pdf\" target=\"_blank\" rel=\"noreferrer noopener\">Zestawienie zmian w funduszu jednostki.pdf<\/a><\/strong><\/p>\n\n<p class=\"has-medium-font-size\"><strong><a href=\"https:\/\/piw.gniezno.pl\/wp-content\/uploads\/2024\/04\/Informacja2023.pdf\" target=\"_blank\" rel=\"noreferrer noopener\">Informacja dodatkowa.pdf<\/a><\/strong><\/p>\n<hr class=\"wp-block-separator has-alpha-channel-opacity is-style-wide\" \/>\n<p class=\"has-medium-font-size\"><strong>Sprawozdawczo\u015b\u0107 finansowa za 2022 r.<\/strong><\/p>\n\n<p class=\"has-medium-font-size\"><strong><a href=\"https:\/\/piw.gniezno.pl\/wp-content\/uploads\/2024\/01\/Bilans-2022.pdf\" target=\"_blank\" rel=\"noreferrer noopener\" data-type=\"link\" data-id=\"https:\/\/piw.gniezno.pl\/wp-content\/uploads\/2024\/01\/Bilans-2022.pdf\">Bilans jednostki.pdf<\/a><\/strong><\/p>\n\n<p class=\"has-medium-font-size\"><strong><a href=\"https:\/\/piw.gniezno.pl\/wp-content\/uploads\/2024\/01\/Rachunek-zyskow-i-strat-2022.pdf\" target=\"_blank\" rel=\"noreferrer noopener\" data-type=\"link\" data-id=\"https:\/\/piw.gniezno.pl\/wp-content\/uploads\/2024\/01\/Bilans-2022.pdf\">Rachunek zysk\u00f3w i strat.pdf<\/a><\/strong><\/p>\n\n<p class=\"has-medium-font-size\"><strong><a href=\"https:\/\/piw.gniezno.pl\/wp-content\/uploads\/2024\/01\/Zestawienie-zmian-w-funduszu-2022.pdf\" target=\"_blank\" rel=\"noreferrer noopener\" data-type=\"link\" data-id=\"https:\/\/piw.gniezno.pl\/wp-content\/uploads\/2024\/01\/Bilans-2022.pdf\">Zestawienie zmian w funduszu jednostki.pdf<\/a><\/strong><\/p>\n\n<p class=\"has-medium-font-size\"><a href=\"https:\/\/piw.gniezno.pl\/wp-content\/uploads\/2024\/01\/Dodatkowa-informacja-2022.pdf\" target=\"_blank\" rel=\"noreferrer noopener\" data-type=\"link\" data-id=\"https:\/\/piw.gniezno.pl\/wp-content\/uploads\/2024\/01\/Dodatkowa-informacja-2022.pdf\"><strong>Informacja dodatkowa.pdf<\/strong><\/a><\/p>\n\n<p>\u00a0<\/p>\n<hr class=\"wp-block-separator has-alpha-channel-opacity is-style-wide\" \/>\n<p>\u00a0<\/p>\n\t\t\t\t\t\t\t\t<\/div>\n\t\t\t\t<\/div>\n\t\t\t\t\t<\/div>\n\t\t\t\t<\/div>\n\t\t\t\t<\/div>\n\t\t","protected":false},"excerpt":{"rendered":"<p>Zapraszamy zainteresowanych do zapoznania si\u0119 z dokumentem, kt\u00f3ry mog\u0105 Pa\u0144stwo pobra\u0107, klikaj\u0105c poni\u017cej w odno\u015bnik. Sprawozdawczo\u015b\u0107 finansowa za 2024 r. Bilans jednostki.pdf Rachunek zysk\u00f3w i strat.pdf Zestawienie zmian w funduszu jednostki.pdf Informacja dodatkowa.pdf Sprawozdawczo\u015b\u0107 finansowa za 2023 r. Bilans jednostki.pdf Rachunek zysk\u00f3w i strat.pdf Zestawienie zmian w funduszu jednostki.pdf Informacja dodatkowa.pdf Sprawozdawczo\u015b\u0107 finansowa za 2022 [&hellip;]<\/p>\n","protected":false},"author":1,"featured_media":0,"parent":0,"menu_order":0,"comment_status":"closed","ping_status":"closed","template":"","meta":{"_uag_custom_page_level_css":"","site-sidebar-layout":"default","site-content-layout":"","ast-site-content-layout":"default","site-content-style":"default","site-sidebar-style":"default","ast-global-header-display":"","ast-banner-title-visibility":"","ast-main-header-display":"","ast-hfb-above-header-display":"","ast-hfb-below-header-display":"","ast-hfb-mobile-header-display":"","site-post-title":"","ast-breadcrumbs-content":"","ast-featured-img":"","footer-sml-layout":"","ast-disable-related-posts":"","theme-transparent-header-meta":"","adv-header-id-meta":"","stick-header-meta":"","header-above-stick-meta":"","header-main-stick-meta":"","header-below-stick-meta":"","astra-migrate-meta-layouts":"set","ast-page-background-enabled":"default","ast-page-background-meta":{"desktop":{"background-color":"var(--ast-global-color-4)","background-image":"","background-repeat":"repeat","background-position":"center center","background-size":"auto","background-attachment":"scroll","background-type":"","background-media":"","overlay-type":"","overlay-color":"","overlay-opacity":"","overlay-gradient":""},"tablet":{"background-color":"","background-image":"","background-repeat":"repeat","background-position":"center center","background-size":"auto","background-attachment":"scroll","background-type":"","background-media":"","overlay-type":"","overlay-color":"","overlay-opacity":"","overlay-gradient":""},"mobile":{"background-color":"","background-image":"","background-repeat":"repeat","background-position":"center center","background-size":"auto","background-attachment":"scroll","background-type":"","background-media":"","overlay-type":"","overlay-color":"","overlay-opacity":"","overlay-gradient":""}},"ast-content-background-meta":{"desktop":{"background-color":"var(--ast-global-color-5)","background-image":"","background-repeat":"repeat","background-position":"center center","background-size":"auto","background-attachment":"scroll","background-type":"","background-media":"","overlay-type":"","overlay-color":"","overlay-opacity":"","overlay-gradient":""},"tablet":{"background-color":"var(--ast-global-color-5)","background-image":"","background-repeat":"repeat","background-position":"center center","background-size":"auto","background-attachment":"scroll","background-type":"","background-media":"","overlay-type":"","overlay-color":"","overlay-opacity":"","overlay-gradient":""},"mobile":{"background-color":"var(--ast-global-color-5)","background-image":"","background-repeat":"repeat","background-position":"center center","background-size":"auto","background-attachment":"scroll","background-type":"","background-media":"","overlay-type":"","overlay-color":"","overlay-opacity":"","overlay-gradient":""}},"footnotes":""},"class_list":["post-494","page","type-page","status-publish","hentry"],"uagb_featured_image_src":{"full":false,"thumbnail":false,"medium":false,"medium_large":false,"large":false,"1536x1536":false,"2048x2048":false},"uagb_author_info":{"display_name":"Darek","author_link":"https:\/\/piw.gniezno.pl\/?author=1"},"uagb_comment_info":0,"uagb_excerpt":"Zapraszamy zainteresowanych do zapoznania si\u0119 z dokumentem, kt\u00f3ry mog\u0105 Pa\u0144stwo pobra\u0107, klikaj\u0105c poni\u017cej w odno\u015bnik. Sprawozdawczo\u015b\u0107 finansowa za 2024 r. Bilans jednostki.pdf Rachunek zysk\u00f3w i strat.pdf Zestawienie zmian w funduszu jednostki.pdf Informacja dodatkowa.pdf Sprawozdawczo\u015b\u0107 finansowa za 2023 r. Bilans jednostki.pdf Rachunek zysk\u00f3w i strat.pdf Zestawienie zmian w funduszu jednostki.pdf Informacja dodatkowa.pdf Sprawozdawczo\u015b\u0107 finansowa za 2022&hellip;","_links":{"self":[{"href":"https:\/\/piw.gniezno.pl\/index.php?rest_route=\/wp\/v2\/pages\/494","targetHints":{"allow":["GET"]}}],"collection":[{"href":"https:\/\/piw.gniezno.pl\/index.php?rest_route=\/wp\/v2\/pages"}],"about":[{"href":"https:\/\/piw.gniezno.pl\/index.php?rest_route=\/wp\/v2\/types\/page"}],"author":[{"embeddable":true,"href":"https:\/\/piw.gniezno.pl\/index.php?rest_route=\/wp\/v2\/users\/1"}],"replies":[{"embeddable":true,"href":"https:\/\/piw.gniezno.pl\/index.php?rest_route=%2Fwp%2Fv2%2Fcomments&post=494"}],"version-history":[{"count":25,"href":"https:\/\/piw.gniezno.pl\/index.php?rest_route=\/wp\/v2\/pages\/494\/revisions"}],"predecessor-version":[{"id":1100,"href":"https:\/\/piw.gniezno.pl\/index.php?rest_route=\/wp\/v2\/pages\/494\/revisions\/1100"}],"wp:attachment":[{"href":"https:\/\/piw.gniezno.pl\/index.php?rest_route=%2Fwp%2Fv2%2Fmedia&parent=494"}],"curies":[{"name":"wp","href":"https:\/\/api.w.org\/{rel}","templated":true}]}}