{"id":704,"date":"2024-02-12T12:55:13","date_gmt":"2024-02-12T11:55:13","guid":{"rendered":"https:\/\/piw.gniezno.pl\/?page_id=704"},"modified":"2025-05-07T16:52:26","modified_gmt":"2025-05-07T14:52:26","slug":"archiwum","status":"publish","type":"page","link":"https:\/\/piw.gniezno.pl\/?page_id=704","title":{"rendered":"Archiwum"},"content":{"rendered":"\n<div class=\"wp-block-uagb-call-to-action uagb-block-cd81779a wp-block-button\"><div class=\"uagb-cta__wrap\"><h3 class=\"uagb-cta__title\"><strong>Hodowcy trzody chlewnej powiatu gnie\u017anie\u0144skiego <\/strong><\/h3><p class=\"uagb-cta__desc\"><strong>Powiatowy Lekarz Weterynarii w Gnie\u017anie zaprasza na szkolenie, kt\u00f3re odb\u0119dzie si\u0119 9 lutego 2024 r. w sali \u015bwietlicy wiejskiej Urz\u0119du Gminy \u0141ubowo <\/strong><br><strong>w Wo\u017anikach 11 A<\/strong><\/p><\/div><div class=\"uagb-cta__buttons\"><a href=\"#https:\/\/piw.gniezno.pl\/wp-content\/uploads\/2024\/02\/hodowcy-trzody-chlewnej.pdf\" class=\"uagb-cta__button-link-wrapper wp-block-button__link\" target=\"_blank\" rel=\"noopener noreferrer\">Czytaj<svg xmlns=\"https:\/\/www.w3.org\/2000\/svg\" viewBox=\"0 0 512 512\"><path d=\"M504.3 273.6l-112.1 104c-6.992 6.484-17.18 8.218-25.94 4.406c-8.758-3.812-14.42-12.45-14.42-21.1L351.9 288H32C14.33 288 .0002 273.7 .0002 255.1S14.33 224 32 224h319.9l0-72c0-9.547 5.66-18.19 14.42-22c8.754-3.809 18.95-2.075 25.94 4.41l112.1 104C514.6 247.9 514.6 264.1 504.3 273.6z\"><\/path><\/svg><\/a><\/div><\/div>\n\n\n\n<hr class=\"wp-block-separator has-alpha-channel-opacity is-style-wide\"\/>\n\n\n\n<p class=\"has-text-align-left\">Powiatowy Lekarz Weterynarii na podstawie decyzji Prezesa Rady Ministr\u00f3w wyznacza pi\u0105tek 2 maja 2025r.\u00a0 dniem wolnym od pracy (za \u015awi\u0119to Narodowe Trzeciego Maja).<strong>Gniezno 5.10.2023<\/strong><\/p>\n\n\n\n<hr class=\"wp-block-separator has-alpha-channel-opacity\"\/>\n\n\n\n<hr class=\"wp-block-separator has-alpha-channel-opacity\"\/>\n\n\n\n<p>   <strong><a href=\"https:\/\/piw.gniezno.pl\/p,100,wyznaczenia-2022\" target=\"_blank\" rel=\"noreferrer noopener\">Og\u0142oszenie o potrzebie dokonania wyznacze\u0144 na rok 2023<\/a><\/strong><\/p>\n\n\n\n<hr class=\"wp-block-separator has-alpha-channel-opacity is-style-wide\"\/>\n\n\n\n<p class=\"has-text-align-right\">&nbsp;<strong>Gniezno 7.09.2023<\/strong><\/p>\n\n\n\n<p><strong><a href=\"https:\/\/piw.gniezno.pl\/p,100,wyznaczenia-2022\" target=\"_blank\" rel=\"noreferrer noopener\">Og\u0142oszenie o potrzebie dokonania wyznacze\u0144 na rok 2023<\/a><\/strong><\/p>\n\n\n\n<hr class=\"wp-block-separator has-alpha-channel-opacity is-style-wide\"\/>\n\n\n\n<p class=\"has-text-align-right has-ast-global-color-0-color has-text-color\"><strong>&nbsp;&nbsp; Gniezno 02.06.2023<\/strong><\/p>\n\n\n\n<p><strong><a href=\"https:\/\/piw.gniezno.pl\/p,100,wyznaczenia-2022\" target=\"_blank\" rel=\"noreferrer noopener\"><strong>Og\u0142oszenie o potrzebie dokonania wyznacze\u0144 na rok 2023<\/strong> -link<\/a><\/strong><\/p>\n\n\n\n<hr class=\"wp-block-separator has-alpha-channel-opacity is-style-wide\"\/>\n\n\n\n<p><\/p>\n","protected":false},"excerpt":{"rendered":"<p>Powiatowy Lekarz Weterynarii na podstawie decyzji Prezesa Rady Ministr\u00f3w wyznacza pi\u0105tek 2 maja 2025r.\u00a0 dniem wolnym od pracy (za \u015awi\u0119to Narodowe Trzeciego Maja).Gniezno 5.10.2023 Og\u0142oszenie o potrzebie dokonania wyznacze\u0144 na rok 2023 &nbsp;Gniezno 7.09.2023 Og\u0142oszenie o potrzebie dokonania wyznacze\u0144 na rok 2023 &nbsp;&nbsp; Gniezno 02.06.2023 Og\u0142oszenie o potrzebie dokonania wyznacze\u0144 na rok 2023 -link<\/p>\n","protected":false},"author":1,"featured_media":0,"parent":0,"menu_order":0,"comment_status":"closed","ping_status":"closed","template":"","meta":{"_uag_custom_page_level_css":"","site-sidebar-layout":"default","site-content-layout":"","ast-site-content-layout":"default","site-content-style":"default","site-sidebar-style":"default","ast-global-header-display":"","ast-banner-title-visibility":"","ast-main-header-display":"","ast-hfb-above-header-display":"","ast-hfb-below-header-display":"","ast-hfb-mobile-header-display":"","site-post-title":"","ast-breadcrumbs-content":"","ast-featured-img":"","footer-sml-layout":"","ast-disable-related-posts":"","theme-transparent-header-meta":"","adv-header-id-meta":"","stick-header-meta":"","header-above-stick-meta":"","header-main-stick-meta":"","header-below-stick-meta":"","astra-migrate-meta-layouts":"set","ast-page-background-enabled":"default","ast-page-background-meta":{"desktop":{"background-color":"var(--ast-global-color-4)","background-image":"","background-repeat":"repeat","background-position":"center center","background-size":"auto","background-attachment":"scroll","background-type":"","background-media":"","overlay-type":"","overlay-color":"","overlay-opacity":"","overlay-gradient":""},"tablet":{"background-color":"","background-image":"","background-repeat":"repeat","background-position":"center center","background-size":"auto","background-attachment":"scroll","background-type":"","background-media":"","overlay-type":"","overlay-color":"","overlay-opacity":"","overlay-gradient":""},"mobile":{"background-color":"","background-image":"","background-repeat":"repeat","background-position":"center center","background-size":"auto","background-attachment":"scroll","background-type":"","background-media":"","overlay-type":"","overlay-color":"","overlay-opacity":"","overlay-gradient":""}},"ast-content-background-meta":{"desktop":{"background-color":"var(--ast-global-color-5)","background-image":"","background-repeat":"repeat","background-position":"center center","background-size":"auto","background-attachment":"scroll","background-type":"","background-media":"","overlay-type":"","overlay-color":"","overlay-opacity":"","overlay-gradient":""},"tablet":{"background-color":"var(--ast-global-color-5)","background-image":"","background-repeat":"repeat","background-position":"center center","background-size":"auto","background-attachment":"scroll","background-type":"","background-media":"","overlay-type":"","overlay-color":"","overlay-opacity":"","overlay-gradient":""},"mobile":{"background-color":"var(--ast-global-color-5)","background-image":"","background-repeat":"repeat","background-position":"center center","background-size":"auto","background-attachment":"scroll","background-type":"","background-media":"","overlay-type":"","overlay-color":"","overlay-opacity":"","overlay-gradient":""}},"footnotes":""},"class_list":["post-704","page","type-page","status-publish","hentry"],"uagb_featured_image_src":{"full":false,"thumbnail":false,"medium":false,"medium_large":false,"large":false,"1536x1536":false,"2048x2048":false},"uagb_author_info":{"display_name":"Darek","author_link":"https:\/\/piw.gniezno.pl\/?author=1"},"uagb_comment_info":0,"uagb_excerpt":"Powiatowy Lekarz Weterynarii na podstawie decyzji Prezesa Rady Ministr\u00f3w wyznacza pi\u0105tek 2 maja 2025r.\u00a0 dniem wolnym od pracy (za \u015awi\u0119to Narodowe Trzeciego Maja).Gniezno 5.10.2023 Og\u0142oszenie o potrzebie dokonania wyznacze\u0144 na rok 2023 &nbsp;Gniezno 7.09.2023 Og\u0142oszenie o potrzebie dokonania wyznacze\u0144 na rok 2023 &nbsp;&nbsp; Gniezno 02.06.2023 Og\u0142oszenie o potrzebie dokonania wyznacze\u0144 na rok 2023 -link","_links":{"self":[{"href":"https:\/\/piw.gniezno.pl\/index.php?rest_route=\/wp\/v2\/pages\/704","targetHints":{"allow":["GET"]}}],"collection":[{"href":"https:\/\/piw.gniezno.pl\/index.php?rest_route=\/wp\/v2\/pages"}],"about":[{"href":"https:\/\/piw.gniezno.pl\/index.php?rest_route=\/wp\/v2\/types\/page"}],"author":[{"embeddable":true,"href":"https:\/\/piw.gniezno.pl\/index.php?rest_route=\/wp\/v2\/users\/1"}],"replies":[{"embeddable":true,"href":"https:\/\/piw.gniezno.pl\/index.php?rest_route=%2Fwp%2Fv2%2Fcomments&post=704"}],"version-history":[{"count":6,"href":"https:\/\/piw.gniezno.pl\/index.php?rest_route=\/wp\/v2\/pages\/704\/revisions"}],"predecessor-version":[{"id":1157,"href":"https:\/\/piw.gniezno.pl\/index.php?rest_route=\/wp\/v2\/pages\/704\/revisions\/1157"}],"wp:attachment":[{"href":"https:\/\/piw.gniezno.pl\/index.php?rest_route=%2Fwp%2Fv2%2Fmedia&parent=704"}],"curies":[{"name":"wp","href":"https:\/\/api.w.org\/{rel}","templated":true}]}}